{"id":43,"date":"2018-11-26T00:34:27","date_gmt":"2018-11-25T23:34:27","guid":{"rendered":"http:\/\/wordpressn.traxlerm.net\/?page_id=43"},"modified":"2026-02-24T12:57:19","modified_gmt":"2026-02-24T11:57:19","slug":"repetition","status":"publish","type":"page","link":"https:\/\/wordpressn.traxlerm.net\/?page_id=43","title":{"rendered":"repetition"},"content":{"rendered":"<p><strong>Buch \u2193<\/strong><\/p>\n<p><a href=\"https:\/\/www.gansverlag.de\/produkt\/traxler-restaurant-orchestre-touche\/\" target=\"_blank\" rel=\"noopener\">Restaurant &amp; Orchestre Touch\u00e9, Gans Verlag, Berlin 2026.<\/a><\/p>\n<p><a href=\"https:\/\/literadio.org\/hoerbeitrag\/mathias-traxler-variationen-montale-reihe-i-iv\/\" target=\"_blank\" rel=\"noopener\">Variationen Montale Reihe i-iv, parasitenpresse, K\u00f6ln 2025.<\/a><\/p>\n<p><a href=\"https:\/\/parasitenpresse.wordpress.com\/2021\/02\/25\/alvaro-seica-365-vorhergesagte-gedichte\/\" target=\"_blank\" rel=\"noopener\">365 vorhergesagte Gedichte, \u00dcbertragungen von &#8222;previs\u00e3o para 365 poemas&#8220; \/ \u00c1lvaro Sei\u00e7a, parasitenpresse, K\u00f6ln 2021.\u00a0<\/a><\/p>\n<p><a href=\"https:\/\/www.hochroth.de\/6304\/mathias-traxler-komplimente-machen\/\" target=\"_blank\" rel=\"noopener\">Komplimente machen, hochroth, Wiesenburg 2020.<\/a><\/p>\n<p>Unterhaltungsessays, kookbooks, Berlin 2016.<\/p>\n<p><a href=\"http:\/\/www.kookbooks.de\/buecher.php#a-9783937445458\" target=\"_blank\" rel=\"noopener\">You&#8217;re welcome, kookbooks, Idstein\/Berlin 2011.<\/a><\/p>\n<p>Rezensionen \u2193<\/p>\n<p><a href=\"http:\/\/www.textem.de\/index.php?id=3149\" target=\"_blank\" rel=\"noopener\">Besprechung &#8222;365 vorhergesagte Gedichte&#8220; von Jonis Hartmann, textem Magazin.<\/a><\/p>\n<p><a href=\"https:\/\/www.signaturen-magazin.de\/alvaro-seica--365-vorhergesagte-gedichte.html\" target=\"_blank\" rel=\"noopener\">Besprechung &#8222;365 vorhergesagte Gedichte&#8220; von Michael Braun &#8211; Signaturen Magazin.<\/a><\/p>\n<p><a href=\"https:\/\/www.piqd.de\/literatenfunk\/sie-werden-unterhalten-wenn-auch-auf-eigene-weise\" target=\"_blank\" rel=\"noopener\">Buchkritik &#8222;Unterhaltungsessays&#8220; von Monika Rinck auf piqd<\/a><\/p>\n<p><a href=\"http:\/\/www.signaturen-magazin.de\/gespraech-mit-mathias-traxler-ueber-sprachen,-essays-und-dante.html\" target=\"_blank\" rel=\"noopener\">Gespr\u00e4ch mit Jan Kuhlbrodt auf signaturen &#8211; Forum f\u00fcr autonome Poesie<\/a><\/p>\n<p>Rezensionen zum Band &#8222;You&#8217;re welcome&#8220;: <a href=\"http:\/\/www.nzz.ch\/aktuell\/startseite\/von-sprache-besessen-1.17311293\" target=\"_blank\" rel=\"noopener\">NZZ<\/a><\/p>\n<p><strong>Online \u2193<\/strong><\/p>\n<p><a href=\"https:\/\/fumdefou.bandcamp.com\/album\/correspondansla-po-sie\" target=\"_blank\" rel=\"noopener\">fumdfou: Correspondansla po\u00e9sie<\/a><br \/>\nvincent laju: violoncello, shakuhachi, voix<br \/>\nmathias traxler: clarinette, voix<\/p>\n<p><a href=\"https:\/\/www.kanalfuerpoesie.org\/medien\/de-lyrikschaufenster-mathias-traxler-spricht-ueber-noch-ana-sindflud-von-h-c-artmann\/\" target=\"_blank\" rel=\"noopener\">Lyrikschaufenster: Mathias Traxler spricht \u00fcber &#8222;noch ana sindflud&#8220; von H.C. Artmann<\/a><\/p>\n<p>Edith Steyer: Klarinette \/ Mathias Traxler: Stimme <a href=\"https:\/\/edithsteyer.bandcamp.com\/album\/reeds-read\" target=\"_blank\" rel=\"noopener\">bandcamp.com\/album\/reeds-read<\/a><\/p>\n<p>Mathias Traxler: dann noch nach draussen &#8230; <a href=\"https:\/\/mathiastraxler.bandcamp.com\/\" target=\"_blank\" rel=\"noopener\">mathiastraxler.bandcamp.com<\/a><\/p>\n<p>Mathias Traxler &amp; Norbert Lange: Lese-Session. Trios (live) <a href=\"https:\/\/lese-sessions.bandcamp.com\/releases\" target=\"_blank\" rel=\"noopener\">lese-sessions.bandcamp.com<\/a><\/p>\n<p class=\"trackTitle\">Mathias Traxler &amp; \u00c1lvaro Sei\u00e7a: As sess\u00f5es de improvisa\u00e7\u00e3o da Gute Zeit <a href=\"https:\/\/traxlerseica.bandcamp.com\/album\/as-sess-es-de-improvisa-o-da-gute-zeit\" target=\"_blank\" rel=\"noopener\">traxlerseica.bandcamp.com<\/a><\/p>\n<p>Der Grave von Anhalte. \u00dcbertragung aus dem Mittelhochdeutschen. In:<a href=\"https:\/\/www.signaturen-magazin.de\/mathias-traxler--der-grave-von-anhalte.html\" target=\"_blank\" rel=\"noopener\"> signaturen &#8211; Forum f\u00fcr autonome Poesie<\/a><\/p>\n<p>Aufl\u00f6sung \/ Catabolism. \u00dcbersetzung eines Gedichtes von Charles Bernstein. In: <a href=\"http:\/\/www.karawa.net\/content\/catabolism-charles-bernstein\" target=\"_blank\" rel=\"noopener\">www.karawa.net, #001<\/a>.<\/p>\n<p><strong>\u00dcbersetzung \u2193<\/strong><\/p>\n<p><a href=\"http:\/\/www.badische-zeitung.de\/literatur-und-vortraege\/gluehende-herzensschrift--142611709.html\" target=\"_blank\" rel=\"noopener\">\u00dcbertragungen von Liedern von Burkhard von Hohenfels und Konrad von W\u00fcrzburg. In: Umg\u00f6gliche Liebe. Die Kunst des Minnesangs in neuen \u00dcbertragungen. Hrsg. von Tristan Marquardt und Jan Wagner. Hanser 2017, S. 151-152 + 196.<\/a><\/p>\n<p>Marcabru: L&#8217;autrier iost&#8217;una sebissa \/ Neulich. Schon ist die Strasse wieder da. \u00dcbersetzung aus dem Okzitanischen von Mathias Traxler. Die Dichtung der Trobadore, gedolmetscht. In: Schreibheft \u2013 Zeitschrift f\u00fcr Literatur, Nr. 89, Essen 2017, S. 111-113.<\/p>\n<p><a href=\"http:\/\/www.wunderhorn.de\/content\/buecher\/pool\/978_3_88423_563_8\/index_ger.html\" target=\"_blank\" rel=\"noopener\">VERSschmuggel \/ perVERSmai, Gedichte aus Litauen, Hrsg. von Aur\u00e9lie Maurin und Thomas Wohlfahrt. \u00dcbersetzungen von Gedichten von Gytis Norvilas. Verlag Das Wunderhorn, Heidelberg 2017.<\/a><\/p>\n<p><a href=\"http:\/\/www.lyrikline.org\/en\/poems\/cloud-10831#\" target=\"_blank\" rel=\"noopener\">Martin Harrison: Wolke , Das Vergangene, &#8222;Laut ausgesprochene Gedanken&#8230; &#8222;. \u00dcbersetzungen aus dem Englischen von Mathias Traxler, Lyrikline.org<\/a>.<\/p>\n<p>Charles Bernstein: Angriff der schwierigen Gedichte. Ausgew\u00e4hlte Gedichte. \u00dcbersetzung gemeinsam mit Tobias Amslinger, Norbert Lange u. L\u00e9once W. Lupette. Luxbooks, Wiesbaden 2014.<\/p>\n<p>Charles Bernstein: Enth\u00fclle Verschl\u00fcsselungen \/ Der Einfluss Blutsverwandter Spuren auf die Wahrnehmung eines mehrdeutigen Stimulus. Gemeinsam mit Norbert Lange. In: Schreibheft &#8211; Zeitschrift f\u00fcr Literatur, Nr. 80, Essen 2013, S. 109-118.<\/p>\n<p><strong>Zeitschrift \/ Anthologie \u2193<\/strong><\/p>\n<p>Variationen Montale Reihe i-iv &amp; \u00dcbertragungen ins Italienische von Marco Agnetta. In: Ostragehege, Dresden, Nr. 109, 2023, S.56-58.<\/p>\n<p>Lesen nach Noten. In: Jahrbuch der Lyrik 2023, Hrsg. von Matthias Kniep &amp; Sonnja vom Brocke, Sch\u00f6ffling, Frankfurt a.M. 2023, S. 79<\/p>\n<p><a href=\"https:\/\/www.schoeffling.de\/buecher\/matthias-kniep-nadja-k%C3%BCchenmeister\/jahrbuch-der-lyrik-2022\" target=\"_blank\" rel=\"noopener\">Kennt ihr das, Ablenkung durch Geilheit? In: Jahrbuch der Lyrik 2022, Hrsg. von Matthias Kniep &amp; Nadja K\u00fcchenmeister,\u00a0 Sch\u00f6ffling, Frankfurt a.M. 2022, S. 150.<\/a><\/p>\n<p><a href=\"https:\/\/bdigital.ufp.pt\/handle\/10284\/10316\" target=\"_blank\" rel=\"noopener\">AS SESS\u00d5ES DE IMPROVISA\u00c7\u00c3C\u0327A\u0303O DA GUTE ZEIT \/ BOA-HORA 100. \u00c1LVARO SEI\u00c7A &amp; MATHIAS TRAXLER. In: Cibertextualidades, Vol 3, Porto 2021, p. 220-221.<\/a><\/p>\n<p>Konzertsi-tuationen. In: IDIOME &#8211; Hefte f\u00fcr neue Prosa, no. 14, Berlin\/Wien 2021, S. 94-98.<\/p>\n<p>In der Landschaft verteilt finden sich viele Zeichen. In: positionen &#8211;\u00a0 Texte zur aktuellen Musik, Nr. 125, Berlin 2020,\u00a0 S. 82.<\/p>\n<p>Und immer, immer tr\u00e4ume ich, dabeigewesen zu sein. In: IDIOME &#8211; Hefte f\u00fcr neue Prosa, no. 13, Berlin\/Wien 2020, S. 35-37.<\/p>\n<p><a href=\"https:\/\/www.gangan.at\/50\/mathias-traxler\/\" target=\"_blank\" rel=\"noopener\">das ist der Chor, &#8230; \/ Abend am See. \/ Tun Sie es mit einer Vorstellung im Kopf von Wildheit. In: GANGAN Lit-Mag, Internationales Literaturmagazin, Nr. 50, Stattegg-Ursprung 2019, S 161-163.<\/a><\/p>\n<p>wenn ein Musikst\u00fcck gestaltete Zeit&#8230;, \/ Bild. In: Transistor &#8211; Zeitschrift f\u00fcr zeitgen\u00f6ssische Literatur, Ausgabe 2, Berlin 2019, S. 20-21.<\/p>\n<p>ich les doch nicht, was da geschrieben steht. In: &#8222;Autorenmusik. Erkundungen zwischen Sprache und Musik&#8220;. Hrsg. von Harald Muenz &amp; Florian Neuner. Reinecke &amp; Voss, Leipzig 2019.<\/p>\n<p>Lavami \/ Tellerr\u00e4nder. In: <a href=\"http:\/\/www.ostra-gehege.de\/\" target=\"_blank\" rel=\"noopener\">Ostragehege, Dresden, Nr. 88, 2018, S.83<\/a>.<\/p>\n<p>Umgedrehter Futurismus. In: IDIOME &#8211; Hefte f\u00fcr neue Prosa, no. 11, Berlin\/Wien 2018, S. 94-95.<\/p>\n<p>Mehr Plastik. In: &#8222;all dies hier, Majest\u00e4t, ist deins. Lyrik im Anthropoz\u00e4n&#8220;. Hrsg. von Anja Bayer und Daniela Seel. Kookbooks, Berlin 2016.<\/p>\n<p><a href=\"http:\/\/www.randnummer.org\/\" target=\"_blank\" rel=\"noopener\">Scherzen. In: randnummer, literaturhefte, Nr. 6-8, Berlin 2016, S. 156-157.<\/a><\/p>\n<p>Eide. In: IDIOME &#8211; Hefte f\u00fcr neue Prosa, no. 8, Berlin\/Wien 2015, S. 44-46.<\/p>\n<p><a href=\"http:\/\/displej.eu\/\" target=\"_blank\" rel=\"noopener\">Abteil Kabine \/ Zu Hand zum Halten \/ Ich nehme die R\u00fccken zum Ausgang&#8230; \/ Gespr\u00e4ch in einer Situation. In: Displej.eu. Zeitgen\u00f6ssische Poesie aus Tschechien, Deutschland und der Sklowakei, Hrsg. von Ond\u0159ej Buddeus u. Peter Dietze, Berlin-Praha 2014, S. 44-57<\/a>.<strong><br \/>\n<\/strong><\/p>\n<p>Beitr\u00e4ge. In: PODIUM, Nr. 173\/174, Wien 2014, S. 107-112.<\/p>\n<p>Die nahen Haltestellen als zusammenliegende \/ zusammengekommen, um einem Gespr\u00e4ch&#8230; . In: Der Greif &#8211; A Process, Augsburg 2014, S. 62, S 70.<\/p>\n<p>Inszenierte Wut_2. In: &#8222;Metonymie&#8220;. Hrsg. von Norbert Lange. Verlagshaus J. Frank, Berlin 2014, S. 150-157.<\/p>\n<p><a href=\"http:\/\/www.limmatverlag.ch\/programm\/titel\/39-moderne-poesie-in-der-schweiz.html\" target=\"_blank\" rel=\"noopener\">Trennung. In: &#8222;Moderne Poesie in der Schweiz&#8220;. Hrsg. von Roger Perret. Limmat Verlag, Z\u00fcrich 2013, S. 512<\/a>.<\/p>\n<p>Lesungen. In: IDIOME &#8211; Hefte f\u00fcr neue Prosa, no. 6, Berlin\/Wien 2013, S. 80-83.<\/p>\n<p>Ich dachte das bleibt jetzt f\u00fcr immer&#8230; \/ Abteil Kabine. In: randnummer, literaturhefte, Nr. 4, Berlin 2011, S. 99-102.<\/p>\n<p>Das Anschauen eines Bergkessels, bevor es \u00fcber den Pass geht, CUT. In: BELLAtriste, Nr. 31, Hildesheim 2011, S.74-75.<\/p>\n<p>[Bildschirme] [in &#8222;You&#8217;re welcome&#8220; enthalten]. In: <a href=\"http:\/\/www.ostra-gehege.de\/\" target=\"_blank\" rel=\"noopener\">Ostragehege, Nr. 53, Dresden, 2009, S. 53<\/a>.<\/p>\n<p>Bin wieder hier vorbeigekommen und habe diesen Text gesagt. In: <a href=\"http:\/\/www.poetenladen-der-verlag.de\/einzeltitel\/umkreisungen.htm\" target=\"_blank\" rel=\"noopener\">&#8222;Umkreisungen, 25 Ausk\u00fcnfte zum Gedicht&#8220;. Hrsg. von J\u00fcrgen Br\u00f4can und Jan Kuhlbrodt. Poetenladen, Leipzig 2010, S. 85-89<\/a>.<\/p>\n<p>Brig No. 13 [in &#8222;You&#8217;re welcome&#8220; enthalten]. In: Jahrbuch der Lyrik 2009, S. Fischer, Frankfurt a.M. 2009, S. 97.<\/p>\n<p>More plastic \/ Yellower plastic. \u00dcbersetzungen ins Englische von Catherine Hales. In: LITMagazine &#8211; New York, Issue 15&amp;16, New York 2009, S. 102-105.<\/p>\n<p>Hinter der Hecke \/ Blauer Plastik \/ Gelber Plastik \/ Grauer Plastik \/ Mehr Plastik. In: poet literaturmagazin, Nr. 9, Poetenladen, Leipzig 2010, S. 54-57.<\/p>\n<p>Scheunentore \/ Brig No.3 \/ Brig No.13 \/ Brig No.14 \/ Wanderlieder \/ Garten \/ 26.03.07 Buchhandlung. Die Schneefalle [alle in &#8222;You&#8217;re welcome&#8220; enthalten]. In: EDIT, Nr. 43\/44, Leipzig 2008, S. 44-49.<\/p>\n<p>Brig No.4 \/ Brig No.8 \/ kv 421 [alle in &#8222;You&#8217;re welcome&#8220; enthalten]. In: <a href=\"http:\/\/www.ostra-gehege.de\/\" target=\"_blank\" rel=\"noopener\">Ostragehege, Dresden, Nr. 45, 2007, S.58<\/a>.<\/p>\n<p>&nbsp;<\/p>\n","protected":false},"excerpt":{"rendered":"<p>Buch \u2193 Restaurant &amp; Orchestre Touch\u00e9, Gans Verlag, Berlin 2026. Variationen Montale Reihe i-iv, parasitenpresse, K\u00f6ln 2025. 365 vorhergesagte Gedichte, \u00dcbertragungen von &#8222;previs\u00e3o para 365 poemas&#8220; \/ \u00c1lvaro Sei\u00e7a, parasitenpresse, K\u00f6ln 2021.\u00a0 Komplimente machen, hochroth, Wiesenburg 2020. Unterhaltungsessays, kookbooks, Berlin 2016. You&#8217;re welcome, kookbooks, Idstein\/Berlin 2011. Rezensionen \u2193 Besprechung &#8222;365 vorhergesagte Gedichte&#8220; von Jonis Hartmann, [&hellip;]<\/p>\n","protected":false},"author":1,"featured_media":0,"parent":0,"menu_order":2,"comment_status":"closed","ping_status":"closed","template":"","meta":{"footnotes":""},"class_list":["post-43","page","type-page","status-publish","hentry"],"_links":{"self":[{"href":"https:\/\/wordpressn.traxlerm.net\/index.php?rest_route=\/wp\/v2\/pages\/43","targetHints":{"allow":["GET"]}}],"collection":[{"href":"https:\/\/wordpressn.traxlerm.net\/index.php?rest_route=\/wp\/v2\/pages"}],"about":[{"href":"https:\/\/wordpressn.traxlerm.net\/index.php?rest_route=\/wp\/v2\/types\/page"}],"author":[{"embeddable":true,"href":"https:\/\/wordpressn.traxlerm.net\/index.php?rest_route=\/wp\/v2\/users\/1"}],"replies":[{"embeddable":true,"href":"https:\/\/wordpressn.traxlerm.net\/index.php?rest_route=%2Fwp%2Fv2%2Fcomments&post=43"}],"version-history":[{"count":42,"href":"https:\/\/wordpressn.traxlerm.net\/index.php?rest_route=\/wp\/v2\/pages\/43\/revisions"}],"predecessor-version":[{"id":373,"href":"https:\/\/wordpressn.traxlerm.net\/index.php?rest_route=\/wp\/v2\/pages\/43\/revisions\/373"}],"wp:attachment":[{"href":"https:\/\/wordpressn.traxlerm.net\/index.php?rest_route=%2Fwp%2Fv2%2Fmedia&parent=43"}],"curies":[{"name":"wp","href":"https:\/\/api.w.org\/{rel}","templated":true}]}}